{"id":595,"date":"2024-05-13T08:33:39","date_gmt":"2024-05-13T05:33:39","guid":{"rendered":"https:\/\/generalhelp.fi\/?page_id=595"},"modified":"2026-03-04T13:46:20","modified_gmt":"2026-03-04T11:46:20","slug":"assistentin-esimerkkipaiva","status":"publish","type":"page","link":"https:\/\/generalhelp.fi\/en\/assistentin-esimerkkipaiva\/","title":{"rendered":"Assistentin esimerkkip\u00e4iv\u00e4"},"content":{"rendered":"\t\t<div data-elementor-type=\"wp-page\" data-elementor-id=\"595\" class=\"elementor elementor-595\" data-elementor-post-type=\"page\">\n\t\t\t\t<div class=\"elementor-element elementor-element-579877d e-con-full e-flex e-con e-parent\" data-id=\"579877d\" data-element_type=\"container\" data-e-type=\"container\" data-settings=\"{&quot;background_background&quot;:&quot;classic&quot;}\">\n\t\t<div class=\"elementor-element elementor-element-941696c e-flex e-con-boxed e-con e-child\" data-id=\"941696c\" data-element_type=\"container\" data-e-type=\"container\">\n\t\t\t\t\t<div class=\"e-con-inner\">\n\t\t\t\t<div class=\"elementor-element elementor-element-4a9d9e1 elementor-invisible elementor-widget elementor-widget-heading\" data-id=\"4a9d9e1\" data-element_type=\"widget\" data-e-type=\"widget\" data-settings=\"{&quot;_animation&quot;:&quot;fadeIn&quot;}\" data-widget_type=\"heading.default\">\n\t\t\t\t\t<h1 class=\"elementor-heading-title elementor-size-default\">Assarin ty\u00f6p\u00e4iv\u00e4<\/h1>\t\t\t\t<\/div>\n\t\t\t\t<div class=\"elementor-element elementor-element-ccc7ee4 elementor-widget-tablet__width-initial elementor-widget elementor-widget-text-editor\" data-id=\"ccc7ee4\" data-element_type=\"widget\" data-e-type=\"widget\" data-widget_type=\"text-editor.default\">\n\t\t\t\t\t\t\t\t\t<p>Virtuaaliassistentin p\u00e4iv\u00e4 voi vaihdella sen mukaan, millaisia teht\u00e4vi\u00e4 ja vastuita siihen liittyy. Alla esimerkki virtuaaliassistentin mahdollisesta p\u00e4iv\u00e4st\u00e4:<\/p>\t\t\t\t\t\t\t\t<\/div>\n\t\t\t\t\t<\/div>\n\t\t\t\t<\/div>\n\t\t\t\t<div class=\"elementor-element elementor-element-770fe00 elementor-widget__width-initial elementor-absolute elementor-widget-mobile__width-inherit elementor-invisible elementor-widget elementor-widget-image\" data-id=\"770fe00\" data-element_type=\"widget\" data-e-type=\"widget\" data-settings=\"{&quot;_position&quot;:&quot;absolute&quot;,&quot;_animation&quot;:&quot;slideInLeft&quot;}\" data-widget_type=\"image.default\">\n\t\t\t\t\t\t\t\t\t\t\t\t\t\t\t<img fetchpriority=\"high\" decoding=\"async\" width=\"800\" height=\"534\" src=\"https:\/\/generalhelp.fi\/wp-content\/uploads\/2024\/05\/IMG_5611_lres.jpg\" class=\"attachment-large size-large wp-image-700\" alt=\"\" srcset=\"https:\/\/generalhelp.fi\/wp-content\/uploads\/2024\/05\/IMG_5611_lres.jpg 1024w, https:\/\/generalhelp.fi\/wp-content\/uploads\/2024\/05\/IMG_5611_lres-300x200.jpg 300w, https:\/\/generalhelp.fi\/wp-content\/uploads\/2024\/05\/IMG_5611_lres-768x512.jpg 768w\" sizes=\"(max-width: 800px) 100vw, 800px\" \/>\t\t\t\t\t\t\t\t\t\t\t\t\t\t\t<\/div>\n\t\t\t\t<\/div>\n\t\t<div class=\"elementor-element elementor-element-0fdaca8 e-flex e-con-boxed e-con e-parent\" data-id=\"0fdaca8\" data-element_type=\"container\" data-e-type=\"container\">\n\t\t\t\t\t<div class=\"e-con-inner\">\n\t\t<div class=\"elementor-element elementor-element-1ab8132 e-con-full e-flex e-con e-child\" data-id=\"1ab8132\" data-element_type=\"container\" data-e-type=\"container\" data-settings=\"{&quot;background_background&quot;:&quot;classic&quot;}\">\n\t\t<div class=\"elementor-element elementor-element-c740cc2 e-con-full e-flex e-con e-child\" data-id=\"c740cc2\" data-element_type=\"container\" data-e-type=\"container\">\n\t\t<div class=\"elementor-element elementor-element-22e2400 e-con-full e-flex e-con e-child\" data-id=\"22e2400\" data-element_type=\"container\" data-e-type=\"container\" data-settings=\"{&quot;background_background&quot;:&quot;classic&quot;}\">\n\t\t\t\t<div class=\"elementor-element elementor-element-4a8b787 elementor-widget elementor-widget-image-box\" data-id=\"4a8b787\" data-element_type=\"widget\" data-e-type=\"widget\" data-widget_type=\"image-box.default\">\n\t\t\t\t\t<div class=\"elementor-image-box-wrapper\"><div class=\"elementor-image-box-content\"><h3 class=\"elementor-image-box-title\">aamurutiinit<\/h3><\/div><\/div>\t\t\t\t<\/div>\n\t\t\t\t<\/div>\n\t\t<div class=\"elementor-element elementor-element-25fbb0e e-con-full e-flex e-con e-child\" data-id=\"25fbb0e\" data-element_type=\"container\" data-e-type=\"container\">\n\t\t\t\t<div class=\"elementor-element elementor-element-1853467 elementor-widget elementor-widget-text-editor\" data-id=\"1853467\" data-element_type=\"widget\" data-e-type=\"widget\" data-widget_type=\"text-editor.default\">\n\t\t\t\t\t\t\t\t\t<p>Kirjautuminen ty\u00f6p\u00e4iv\u00e4\u00e4n ja t\u00e4rkeimpien s\u00e4hk\u00f6postien tarkistaminen. P\u00e4iv\u00e4n teht\u00e4vien priorisointi ja aikatauluttaminen.<\/p>\t\t\t\t\t\t\t\t<\/div>\n\t\t\t\t<\/div>\n\t\t\t\t<\/div>\n\t\t<div class=\"elementor-element elementor-element-44baf04 e-con-full e-flex e-con e-child\" data-id=\"44baf04\" data-element_type=\"container\" data-e-type=\"container\">\n\t\t<div class=\"elementor-element elementor-element-69b3a18 e-con-full e-flex e-con e-child\" data-id=\"69b3a18\" data-element_type=\"container\" data-e-type=\"container\" data-settings=\"{&quot;background_background&quot;:&quot;classic&quot;}\">\n\t\t\t\t<div class=\"elementor-element elementor-element-ec55db1 elementor-widget elementor-widget-image-box\" data-id=\"ec55db1\" data-element_type=\"widget\" data-e-type=\"widget\" data-widget_type=\"image-box.default\">\n\t\t\t\t\t<div class=\"elementor-image-box-wrapper\"><div class=\"elementor-image-box-content\"><h3 class=\"elementor-image-box-title\">kalenteri<\/h3><\/div><\/div>\t\t\t\t<\/div>\n\t\t\t\t<\/div>\n\t\t<div class=\"elementor-element elementor-element-5c03f72 e-con-full e-flex e-con e-child\" data-id=\"5c03f72\" data-element_type=\"container\" data-e-type=\"container\">\n\t\t\t\t<div class=\"elementor-element elementor-element-9d30439 elementor-widget elementor-widget-text-editor\" data-id=\"9d30439\" data-element_type=\"widget\" data-e-type=\"widget\" data-widget_type=\"text-editor.default\">\n\t\t\t\t\t\t\t\t\t<p>Kalenterin p\u00e4ivitt\u00e4minen sek\u00e4 tulevista tapahtumista ja m\u00e4\u00e4r\u00e4ajoista varmistuminen.<\/p>\t\t\t\t\t\t\t\t<\/div>\n\t\t\t\t<\/div>\n\t\t\t\t<\/div>\n\t\t<div class=\"elementor-element elementor-element-e542c04 e-con-full e-flex e-con e-child\" data-id=\"e542c04\" data-element_type=\"container\" data-e-type=\"container\">\n\t\t<div class=\"elementor-element elementor-element-91c72ba e-con-full e-flex e-con e-child\" data-id=\"91c72ba\" data-element_type=\"container\" data-e-type=\"container\" data-settings=\"{&quot;background_background&quot;:&quot;classic&quot;}\">\n\t\t\t\t<div class=\"elementor-element elementor-element-8649a48 elementor-widget elementor-widget-image-box\" data-id=\"8649a48\" data-element_type=\"widget\" data-e-type=\"widget\" data-widget_type=\"image-box.default\">\n\t\t\t\t\t<div class=\"elementor-image-box-wrapper\"><div class=\"elementor-image-box-content\"><h3 class=\"elementor-image-box-title\">viestint\u00e4<\/h3><\/div><\/div>\t\t\t\t<\/div>\n\t\t\t\t<\/div>\n\t\t<div class=\"elementor-element elementor-element-1cb75b9 e-con-full e-flex e-con e-child\" data-id=\"1cb75b9\" data-element_type=\"container\" data-e-type=\"container\">\n\t\t\t\t<div class=\"elementor-element elementor-element-dbaa390 elementor-widget elementor-widget-text-editor\" data-id=\"dbaa390\" data-element_type=\"widget\" data-e-type=\"widget\" data-widget_type=\"text-editor.default\">\n\t\t\t\t\t\t\t\t\t<p>S\u00e4hk\u00f6posteihin ja organisaation sis\u00e4isiin viesteihin vastaaminen. Tarvittaessa my\u00f6s asiakkaiden kyselyihin tai tiedusteluihin vastaaminen.<\/p>\t\t\t\t\t\t\t\t<\/div>\n\t\t\t\t<\/div>\n\t\t\t\t<\/div>\n\t\t<div class=\"elementor-element elementor-element-ec70825 e-con-full e-flex e-con e-child\" data-id=\"ec70825\" data-element_type=\"container\" data-e-type=\"container\">\n\t\t<div class=\"elementor-element elementor-element-9446ffb e-con-full e-flex e-con e-child\" data-id=\"9446ffb\" data-element_type=\"container\" data-e-type=\"container\" data-settings=\"{&quot;background_background&quot;:&quot;classic&quot;}\">\n\t\t\t\t<div class=\"elementor-element elementor-element-562188b elementor-widget elementor-widget-image-box\" data-id=\"562188b\" data-element_type=\"widget\" data-e-type=\"widget\" data-widget_type=\"image-box.default\">\n\t\t\t\t\t<div class=\"elementor-image-box-wrapper\"><div class=\"elementor-image-box-content\"><h3 class=\"elementor-image-box-title\">kokousten hallinta<\/h3><\/div><\/div>\t\t\t\t<\/div>\n\t\t\t\t<\/div>\n\t\t<div class=\"elementor-element elementor-element-a2273b4 e-con-full e-flex e-con e-child\" data-id=\"a2273b4\" data-element_type=\"container\" data-e-type=\"container\">\n\t\t\t\t<div class=\"elementor-element elementor-element-08c1635 elementor-widget elementor-widget-text-editor\" data-id=\"08c1635\" data-element_type=\"widget\" data-e-type=\"widget\" data-widget_type=\"text-editor.default\">\n\t\t\t\t\t\t\t\t\t<p>Virtuaalisiin palavereihin tai puhelinkonferensseihin osallistuminen. Kokousten j\u00e4rjest\u00e4minen ja kalenterointi.<\/p>\t\t\t\t\t\t\t\t<\/div>\n\t\t\t\t<\/div>\n\t\t\t\t<\/div>\n\t\t<div class=\"elementor-element elementor-element-99f5b7f e-con-full elementor-hidden-mobile e-flex e-con e-child\" data-id=\"99f5b7f\" data-element_type=\"container\" data-e-type=\"container\">\n\t\t<div class=\"elementor-element elementor-element-f377439 e-con-full e-flex e-con e-child\" data-id=\"f377439\" data-element_type=\"container\" data-e-type=\"container\" data-settings=\"{&quot;background_background&quot;:&quot;classic&quot;}\">\n\t\t\t\t<div class=\"elementor-element elementor-element-532b25f elementor-widget elementor-widget-image-box\" data-id=\"532b25f\" data-element_type=\"widget\" data-e-type=\"widget\" data-widget_type=\"image-box.default\">\n\t\t\t\t\t<div class=\"elementor-image-box-wrapper\"><div class=\"elementor-image-box-content\"><h3 class=\"elementor-image-box-title\">asiakaspalvelu<\/h3><\/div><\/div>\t\t\t\t<\/div>\n\t\t\t\t<\/div>\n\t\t<div class=\"elementor-element elementor-element-2bed92a e-con-full e-flex e-con e-child\" data-id=\"2bed92a\" data-element_type=\"container\" data-e-type=\"container\">\n\t\t\t\t<div class=\"elementor-element elementor-element-d51c7ec elementor-widget elementor-widget-text-editor\" data-id=\"d51c7ec\" data-element_type=\"widget\" data-e-type=\"widget\" data-widget_type=\"text-editor.default\">\n\t\t\t\t\t\t\t\t\t<p>Asiakaspalveluteht\u00e4v\u00e4t, kuten puheluiden vastaanottaminen, chat-viestit tai asiakkaiden tukipyynt\u00f6ihin vastaaminen.<\/p>\t\t\t\t\t\t\t\t<\/div>\n\t\t\t\t<\/div>\n\t\t\t\t<\/div>\n\t\t<div class=\"elementor-element elementor-element-584bff1 e-con-full elementor-hidden-desktop elementor-hidden-tablet e-flex e-con e-child\" data-id=\"584bff1\" data-element_type=\"container\" data-e-type=\"container\">\n\t\t<div class=\"elementor-element elementor-element-0366782 e-con-full e-flex e-con e-child\" data-id=\"0366782\" data-element_type=\"container\" data-e-type=\"container\" data-settings=\"{&quot;background_background&quot;:&quot;classic&quot;}\">\n\t\t\t\t<div class=\"elementor-element elementor-element-23abd15 elementor-widget elementor-widget-image-box\" data-id=\"23abd15\" data-element_type=\"widget\" data-e-type=\"widget\" data-widget_type=\"image-box.default\">\n\t\t\t\t\t<div class=\"elementor-image-box-wrapper\"><div class=\"elementor-image-box-content\"><h3 class=\"elementor-image-box-title\">asiakas-palvelu<\/h3><\/div><\/div>\t\t\t\t<\/div>\n\t\t\t\t<\/div>\n\t\t<div class=\"elementor-element elementor-element-4c2b825 e-con-full e-flex e-con e-child\" data-id=\"4c2b825\" data-element_type=\"container\" data-e-type=\"container\">\n\t\t\t\t<div class=\"elementor-element elementor-element-db78243 elementor-widget elementor-widget-text-editor\" data-id=\"db78243\" data-element_type=\"widget\" data-e-type=\"widget\" data-widget_type=\"text-editor.default\">\n\t\t\t\t\t\t\t\t\t<p>Asiakaspalveluteht\u00e4v\u00e4t, kuten puheluiden vastaanottaminen, chat-viestit tai asiakkaiden tukipyynt\u00f6ihin vastaaminen.<\/p>\t\t\t\t\t\t\t\t<\/div>\n\t\t\t\t<\/div>\n\t\t\t\t<\/div>\n\t\t<div class=\"elementor-element elementor-element-ed08fb4 e-con-full elementor-hidden-mobile e-flex e-con e-child\" data-id=\"ed08fb4\" data-element_type=\"container\" data-e-type=\"container\">\n\t\t<div class=\"elementor-element elementor-element-3e01d1f e-con-full e-flex e-con e-child\" data-id=\"3e01d1f\" data-element_type=\"container\" data-e-type=\"container\" data-settings=\"{&quot;background_background&quot;:&quot;classic&quot;}\">\n\t\t\t\t<div class=\"elementor-element elementor-element-ef4194d elementor-widget elementor-widget-image-box\" data-id=\"ef4194d\" data-element_type=\"widget\" data-e-type=\"widget\" data-widget_type=\"image-box.default\">\n\t\t\t\t\t<div class=\"elementor-image-box-wrapper\"><div class=\"elementor-image-box-content\"><h3 class=\"elementor-image-box-title\">projektinhallinta<\/h3><\/div><\/div>\t\t\t\t<\/div>\n\t\t\t\t<\/div>\n\t\t<div class=\"elementor-element elementor-element-ba6f5b1 e-con-full e-flex e-con e-child\" data-id=\"ba6f5b1\" data-element_type=\"container\" data-e-type=\"container\">\n\t\t\t\t<div class=\"elementor-element elementor-element-6577960 elementor-widget elementor-widget-text-editor\" data-id=\"6577960\" data-element_type=\"widget\" data-e-type=\"widget\" data-widget_type=\"text-editor.default\">\n\t\t\t\t\t\t\t\t\t<p>Eri projektien hallintaan osallistuminen ja niiss\u00e4 avustaminen. Kommunikointi tiimin kanssa projektien etenemisest\u00e4.<\/p>\t\t\t\t\t\t\t\t<\/div>\n\t\t\t\t<\/div>\n\t\t\t\t<\/div>\n\t\t<div class=\"elementor-element elementor-element-195b9c1 e-con-full elementor-hidden-desktop elementor-hidden-tablet e-flex e-con e-child\" data-id=\"195b9c1\" data-element_type=\"container\" data-e-type=\"container\">\n\t\t<div class=\"elementor-element elementor-element-fb11e6d e-con-full e-flex e-con e-child\" data-id=\"fb11e6d\" data-element_type=\"container\" data-e-type=\"container\" data-settings=\"{&quot;background_background&quot;:&quot;classic&quot;}\">\n\t\t\t\t<div class=\"elementor-element elementor-element-cd8f003 elementor-widget elementor-widget-image-box\" data-id=\"cd8f003\" data-element_type=\"widget\" data-e-type=\"widget\" data-widget_type=\"image-box.default\">\n\t\t\t\t\t<div class=\"elementor-image-box-wrapper\"><div class=\"elementor-image-box-content\"><h3 class=\"elementor-image-box-title\">projektin-hallinta<\/h3><\/div><\/div>\t\t\t\t<\/div>\n\t\t\t\t<\/div>\n\t\t<div class=\"elementor-element elementor-element-3c98176 e-con-full e-flex e-con e-child\" data-id=\"3c98176\" data-element_type=\"container\" data-e-type=\"container\">\n\t\t\t\t<div class=\"elementor-element elementor-element-572c5b3 elementor-widget elementor-widget-text-editor\" data-id=\"572c5b3\" data-element_type=\"widget\" data-e-type=\"widget\" data-widget_type=\"text-editor.default\">\n\t\t\t\t\t\t\t\t\t<p>Eri projektien hallintaan osallistuminen ja niiss\u00e4 avustaminen. Kommunikointi tiimin kanssa projektien etenemisest\u00e4.<\/p>\t\t\t\t\t\t\t\t<\/div>\n\t\t\t\t<\/div>\n\t\t\t\t<\/div>\n\t\t<div class=\"elementor-element elementor-element-f5e7826 e-con-full e-flex e-con e-child\" data-id=\"f5e7826\" data-element_type=\"container\" data-e-type=\"container\">\n\t\t<div class=\"elementor-element elementor-element-7b4156a e-con-full e-flex e-con e-child\" data-id=\"7b4156a\" data-element_type=\"container\" data-e-type=\"container\" data-settings=\"{&quot;background_background&quot;:&quot;classic&quot;}\">\n\t\t\t\t<div class=\"elementor-element elementor-element-33ec464 elementor-widget elementor-widget-image-box\" data-id=\"33ec464\" data-element_type=\"widget\" data-e-type=\"widget\" data-widget_type=\"image-box.default\">\n\t\t\t\t\t<div class=\"elementor-image-box-wrapper\"><div class=\"elementor-image-box-content\"><h3 class=\"elementor-image-box-title\">back office -t\u00f6it\u00e4<\/h3><\/div><\/div>\t\t\t\t<\/div>\n\t\t\t\t<\/div>\n\t\t<div class=\"elementor-element elementor-element-20c7f80 e-con-full e-flex e-con e-child\" data-id=\"20c7f80\" data-element_type=\"container\" data-e-type=\"container\">\n\t\t\t\t<div class=\"elementor-element elementor-element-45c4416 elementor-widget elementor-widget-text-editor\" data-id=\"45c4416\" data-element_type=\"widget\" data-e-type=\"widget\" data-widget_type=\"text-editor.default\">\n\t\t\t\t\t\t\t\t\t<p>Esimerkiksi tiedostojen j\u00e4rjestely\u00e4, raporttien luomista ja asiakirjojen laatimista. Markkinointiteht\u00e4viss\u00e4 tai sosiaalisen median hallinnassa avustamista.<\/p>\t\t\t\t\t\t\t\t<\/div>\n\t\t\t\t<\/div>\n\t\t\t\t<\/div>\n\t\t<div class=\"elementor-element elementor-element-0d64534 e-con-full e-flex e-con e-child\" data-id=\"0d64534\" data-element_type=\"container\" data-e-type=\"container\">\n\t\t<div class=\"elementor-element elementor-element-d68d019 e-con-full e-flex e-con e-child\" data-id=\"d68d019\" data-element_type=\"container\" data-e-type=\"container\" data-settings=\"{&quot;background_background&quot;:&quot;classic&quot;}\">\n\t\t\t\t<div class=\"elementor-element elementor-element-2d2c50e elementor-widget elementor-widget-image-box\" data-id=\"2d2c50e\" data-element_type=\"widget\" data-e-type=\"widget\" data-widget_type=\"image-box.default\">\n\t\t\t\t\t<div class=\"elementor-image-box-wrapper\"><div class=\"elementor-image-box-content\"><h3 class=\"elementor-image-box-title\">osaamisen kehitt\u00e4minen<\/h3><\/div><\/div>\t\t\t\t<\/div>\n\t\t\t\t<\/div>\n\t\t<div class=\"elementor-element elementor-element-2256238 e-con-full e-flex e-con e-child\" data-id=\"2256238\" data-element_type=\"container\" data-e-type=\"container\">\n\t\t\t\t<div class=\"elementor-element elementor-element-65f6f52 elementor-widget elementor-widget-text-editor\" data-id=\"65f6f52\" data-element_type=\"widget\" data-e-type=\"widget\" data-widget_type=\"text-editor.default\">\n\t\t\t\t\t\t\t\t\t<p>Oman osaamisen kehitt\u00e4minen, kuten uusien ty\u00f6kalujen tai ohjelmistojen opiskelu.<\/p>\t\t\t\t\t\t\t\t<\/div>\n\t\t\t\t<\/div>\n\t\t\t\t<\/div>\n\t\t<div class=\"elementor-element elementor-element-89ce865 e-con-full e-flex e-con e-child\" data-id=\"89ce865\" data-element_type=\"container\" data-e-type=\"container\">\n\t\t<div class=\"elementor-element elementor-element-6904685 e-con-full e-flex e-con e-child\" data-id=\"6904685\" data-element_type=\"container\" data-e-type=\"container\" data-settings=\"{&quot;background_background&quot;:&quot;classic&quot;}\">\n\t\t\t\t<div class=\"elementor-element elementor-element-0724711 elementor-widget elementor-widget-image-box\" data-id=\"0724711\" data-element_type=\"widget\" data-e-type=\"widget\" data-widget_type=\"image-box.default\">\n\t\t\t\t\t<div class=\"elementor-image-box-wrapper\"><div class=\"elementor-image-box-content\"><h3 class=\"elementor-image-box-title\">end of day<\/h3><\/div><\/div>\t\t\t\t<\/div>\n\t\t\t\t<\/div>\n\t\t<div class=\"elementor-element elementor-element-745c435 e-con-full e-flex e-con e-child\" data-id=\"745c435\" data-element_type=\"container\" data-e-type=\"container\">\n\t\t\t\t<div class=\"elementor-element elementor-element-f775d37 elementor-widget elementor-widget-text-editor\" data-id=\"f775d37\" data-element_type=\"widget\" data-e-type=\"widget\" data-widget_type=\"text-editor.default\">\n\t\t\t\t\t\t\t\t\t<p>Ty\u00f6p\u00e4iv\u00e4n p\u00e4\u00e4tt\u00e4minen ja seuraavan p\u00e4iv\u00e4n teht\u00e4vien suunnittelu. Tarvittaessa tavoitettavissa pysyminen tulevien kiireellisten asioiden hoitamiseksi.<\/p>\t\t\t\t\t\t\t\t<\/div>\n\t\t\t\t<\/div>\n\t\t\t\t<\/div>\n\t\t\t\t<\/div>\n\t\t<div class=\"elementor-element elementor-element-c165b0d e-con-full e-flex e-con e-child\" data-id=\"c165b0d\" data-element_type=\"container\" data-e-type=\"container\">\n\t\t\t\t<div class=\"elementor-element elementor-element-1a62a8e elementor-hidden-mobile elementor-invisible elementor-widget elementor-widget-image\" data-id=\"1a62a8e\" data-element_type=\"widget\" data-e-type=\"widget\" data-settings=\"{&quot;_animation&quot;:&quot;slideInDown&quot;,&quot;_animation_tablet&quot;:&quot;slideInLeft&quot;,&quot;sticky&quot;:&quot;top&quot;,&quot;sticky_on&quot;:[&quot;desktop&quot;],&quot;sticky_offset&quot;:350,&quot;sticky_parent&quot;:&quot;yes&quot;,&quot;sticky_effects_offset&quot;:0,&quot;sticky_anchor_link_offset&quot;:0}\" data-widget_type=\"image.default\">\n\t\t\t\t\t\t\t\t\t\t\t\t\t\t\t<img decoding=\"async\" width=\"800\" height=\"534\" src=\"https:\/\/generalhelp.fi\/wp-content\/uploads\/2024\/05\/IMG_5542_lres.jpg\" class=\"attachment-large size-large wp-image-687\" alt=\"\" srcset=\"https:\/\/generalhelp.fi\/wp-content\/uploads\/2024\/05\/IMG_5542_lres.jpg 1024w, https:\/\/generalhelp.fi\/wp-content\/uploads\/2024\/05\/IMG_5542_lres-300x200.jpg 300w, https:\/\/generalhelp.fi\/wp-content\/uploads\/2024\/05\/IMG_5542_lres-768x512.jpg 768w\" sizes=\"(max-width: 800px) 100vw, 800px\" \/>\t\t\t\t\t\t\t\t\t\t\t\t\t\t\t<\/div>\n\t\t\t\t<\/div>\n\t\t\t\t\t<\/div>\n\t\t\t\t<\/div>\n\t\t<div class=\"elementor-element elementor-element-998d2c2 e-flex e-con-boxed e-con e-parent\" data-id=\"998d2c2\" data-element_type=\"container\" data-e-type=\"container\">\n\t\t\t\t\t<div class=\"e-con-inner\">\n\t\t<div class=\"elementor-element elementor-element-745e4d52 e-flex e-con-boxed e-con e-child\" data-id=\"745e4d52\" data-element_type=\"container\" data-e-type=\"container\" data-settings=\"{&quot;background_background&quot;:&quot;classic&quot;}\">\n\t\t\t\t\t<div class=\"e-con-inner\">\n\t\t<div class=\"elementor-element elementor-element-1b397924 e-con-full e-flex elementor-invisible e-con e-child\" data-id=\"1b397924\" data-element_type=\"container\" data-e-type=\"container\" data-settings=\"{&quot;background_background&quot;:&quot;classic&quot;,&quot;animation&quot;:&quot;fadeIn&quot;,&quot;animation_delay&quot;:900}\">\n\t\t\t\t<div class=\"elementor-element elementor-element-181b285 elementor-absolute animated-fast elementor-view-default elementor-invisible elementor-widget elementor-widget-icon\" data-id=\"181b285\" data-element_type=\"widget\" data-e-type=\"widget\" data-settings=\"{&quot;_position&quot;:&quot;absolute&quot;,&quot;_animation&quot;:&quot;rotateIn&quot;,&quot;_animation_delay&quot;:1000}\" data-widget_type=\"icon.default\">\n\t\t\t\t\t\t\t<div class=\"elementor-icon-wrapper\">\n\t\t\t<div class=\"elementor-icon\">\n\t\t\t<svg xmlns=\"http:\/\/www.w3.org\/2000\/svg\" viewBox=\"0 0 17 17\"><path d=\"m8.333 0 .083.33a10.87 10.87 0 0 0 7.92 7.92l.33.083-.33.082a10.87 10.87 0 0 0-7.92 7.92l-.083.331-.082-.33a10.87 10.87 0 0 0-7.92-7.92L0 8.332l.33-.082A10.87 10.87 0 0 0 8.252.33L8.333 0Z\"><\/path><\/svg>\t\t\t<\/div>\n\t\t<\/div>\n\t\t\t\t\t\t<\/div>\n\t\t\t\t<div class=\"elementor-element elementor-element-527895f4 elementor-absolute animated-fast elementor-view-default elementor-invisible elementor-widget elementor-widget-icon\" data-id=\"527895f4\" data-element_type=\"widget\" data-e-type=\"widget\" data-settings=\"{&quot;_position&quot;:&quot;absolute&quot;,&quot;_animation&quot;:&quot;rotateIn&quot;,&quot;_animation_delay&quot;:1200}\" data-widget_type=\"icon.default\">\n\t\t\t\t\t\t\t<div class=\"elementor-icon-wrapper\">\n\t\t\t<div class=\"elementor-icon\">\n\t\t\t<svg xmlns=\"http:\/\/www.w3.org\/2000\/svg\" viewBox=\"0 0 17 17\"><path d=\"m8.333 0 .083.33a10.87 10.87 0 0 0 7.92 7.92l.33.083-.33.082a10.87 10.87 0 0 0-7.92 7.92l-.083.331-.082-.33a10.87 10.87 0 0 0-7.92-7.92L0 8.332l.33-.082A10.87 10.87 0 0 0 8.252.33L8.333 0Z\"><\/path><\/svg>\t\t\t<\/div>\n\t\t<\/div>\n\t\t\t\t\t\t<\/div>\n\t\t\t\t<\/div>\n\t\t\t\t<div class=\"elementor-element elementor-element-3bd026d9 elementor-invisible elementor-widget elementor-widget-heading\" data-id=\"3bd026d9\" data-element_type=\"widget\" data-e-type=\"widget\" data-settings=\"{&quot;_animation&quot;:&quot;fadeInDown&quot;,&quot;_animation_delay&quot;:400}\" data-widget_type=\"heading.default\">\n\t\t\t\t\t<h3 class=\"elementor-heading-title elementor-size-default\">VOISIMMEKO OLLA SE TEILT\u00c4 PUUTTUVA PALANEN?<\/h3>\t\t\t\t<\/div>\n\t\t\t\t<div class=\"elementor-element elementor-element-3c7a5614 elementor-widget__width-initial elementor-widget elementor-widget-heading\" data-id=\"3c7a5614\" data-element_type=\"widget\" data-e-type=\"widget\" data-widget_type=\"heading.default\">\n\t\t\t\t\t<p class=\"elementor-heading-title elementor-size-default\">Jos ty\u00f6t\u00e4 on jatkuvasti enemm\u00e4n kuin ehdit tehd\u00e4, mutta t\u00e4ysip\u00e4iv\u00e4isen ty\u00f6ntekij\u00e4n palkkaaminen ei tule kyseeseen, hanki meilt\u00e4 joustavasti k\u00e4sipari k\u00e4ytt\u00f6\u00f6si.<\/p>\t\t\t\t<\/div>\n\t\t\t\t<div class=\"elementor-element elementor-element-b0cee1a elementor-align-justify elementor-widget__width-initial elementor-invisible elementor-widget elementor-widget-button\" data-id=\"b0cee1a\" data-element_type=\"widget\" data-e-type=\"widget\" data-settings=\"{&quot;_animation&quot;:&quot;fadeIn&quot;,&quot;_animation_delay&quot;:450}\" data-widget_type=\"button.default\">\n\t\t\t\t\t\t\t\t\t\t<a class=\"elementor-button elementor-button-link elementor-size-sm\" href=\"https:\/\/generalhelp.fi\/en\/yhteys\/\">\n\t\t\t\t\t\t<span class=\"elementor-button-content-wrapper\">\n\t\t\t\t\t\t\t\t\t<span class=\"elementor-button-text\">ota yhteytt\u00e4<\/span>\n\t\t\t\t\t<\/span>\n\t\t\t\t\t<\/a>\n\t\t\t\t\t\t\t\t<\/div>\n\t\t\t\t\t<\/div>\n\t\t\t\t<\/div>\n\t\t\t\t\t<\/div>\n\t\t\t\t<\/div>\n\t\t\t\t<\/div>\n\t\t","protected":false},"excerpt":{"rendered":"<p>Assarin ty\u00f6p\u00e4iv\u00e4 Virtuaaliassistentin p\u00e4iv\u00e4 voi vaihdella sen mukaan, millaisia teht\u00e4vi\u00e4 ja vastuita siihen liittyy. Alla esimerkki virtuaaliassistentin mahdollisesta p\u00e4iv\u00e4st\u00e4: aamurutiinit Kirjautuminen ty\u00f6p\u00e4iv\u00e4\u00e4n ja t\u00e4rkeimpien s\u00e4hk\u00f6postien tarkistaminen. P\u00e4iv\u00e4n teht\u00e4vien priorisointi ja aikatauluttaminen. kalenteri Kalenterin p\u00e4ivitt\u00e4minen sek\u00e4 tulevista tapahtumista ja m\u00e4\u00e4r\u00e4ajoista varmistuminen. viestint\u00e4 S\u00e4hk\u00f6posteihin ja organisaation sis\u00e4isiin viesteihin vastaaminen. Tarvittaessa my\u00f6s asiakkaiden kyselyihin tai tiedusteluihin vastaaminen. kokousten [&hellip;]<\/p>\n","protected":false},"author":1,"featured_media":688,"parent":0,"menu_order":0,"comment_status":"closed","ping_status":"closed","template":"","meta":{"_uf_show_specific_survey":0,"_uf_disable_surveys":false,"footnotes":""},"class_list":["post-595","page","type-page","status-publish","has-post-thumbnail","hentry"],"_links":{"self":[{"href":"https:\/\/generalhelp.fi\/en\/wp-json\/wp\/v2\/pages\/595","targetHints":{"allow":["GET"]}}],"collection":[{"href":"https:\/\/generalhelp.fi\/en\/wp-json\/wp\/v2\/pages"}],"about":[{"href":"https:\/\/generalhelp.fi\/en\/wp-json\/wp\/v2\/types\/page"}],"author":[{"embeddable":true,"href":"https:\/\/generalhelp.fi\/en\/wp-json\/wp\/v2\/users\/1"}],"replies":[{"embeddable":true,"href":"https:\/\/generalhelp.fi\/en\/wp-json\/wp\/v2\/comments?post=595"}],"version-history":[{"count":20,"href":"https:\/\/generalhelp.fi\/en\/wp-json\/wp\/v2\/pages\/595\/revisions"}],"predecessor-version":[{"id":1456,"href":"https:\/\/generalhelp.fi\/en\/wp-json\/wp\/v2\/pages\/595\/revisions\/1456"}],"wp:featuredmedia":[{"embeddable":true,"href":"https:\/\/generalhelp.fi\/en\/wp-json\/wp\/v2\/media\/688"}],"wp:attachment":[{"href":"https:\/\/generalhelp.fi\/en\/wp-json\/wp\/v2\/media?parent=595"}],"curies":[{"name":"wp","href":"https:\/\/api.w.org\/{rel}","templated":true}]}}