{"id":559,"date":"2024-05-13T08:03:58","date_gmt":"2024-05-13T05:03:58","guid":{"rendered":"https:\/\/generalhelp.fi\/?page_id=559"},"modified":"2024-05-23T15:11:34","modified_gmt":"2024-05-23T12:11:34","slug":"tietosuojaseloste","status":"publish","type":"page","link":"https:\/\/generalhelp.fi\/en\/tietosuojaseloste\/","title":{"rendered":"Privacy Policy"},"content":{"rendered":"<div data-elementor-type=\"wp-page\" data-elementor-id=\"559\" class=\"elementor elementor-559\" data-elementor-post-type=\"page\">\n\t\t\t\t<div class=\"elementor-element elementor-element-4305d974 e-flex e-con-boxed e-con e-parent\" data-id=\"4305d974\" data-element_type=\"container\" data-e-type=\"container\" data-settings=\"{&quot;background_background&quot;:&quot;classic&quot;}\">\n\t\t\t\t\t<div class=\"e-con-inner\">\n\t\t\t\t<div class=\"elementor-element elementor-element-58469ba9 elementor-widget__width-inherit elementor-invisible elementor-widget elementor-widget-heading\" data-id=\"58469ba9\" data-element_type=\"widget\" data-e-type=\"widget\" data-settings=\"{&quot;_animation&quot;:&quot;fadeIn&quot;}\" data-widget_type=\"heading.default\">\n\t\t\t\t\t<h1 class=\"elementor-heading-title elementor-size-default\">Privacy Policy<\/h1>\t\t\t\t<\/div>\n\t\t\t\t\t<\/div>\n\t\t\t\t<\/div>\n\t\t<div class=\"elementor-element elementor-element-2bdcbc30 e-flex e-con-boxed e-con e-parent\" data-id=\"2bdcbc30\" data-element_type=\"container\" data-e-type=\"container\">\n\t\t\t\t\t<div class=\"e-con-inner\">\n\t\t\t\t<div class=\"elementor-element elementor-element-7a7f19c elementor-widget-divider--view-line elementor-widget elementor-widget-divider\" data-id=\"7a7f19c\" data-element_type=\"widget\" data-e-type=\"widget\" data-widget_type=\"divider.default\">\n\t\t\t\t\t\t\t<div class=\"elementor-divider\">\n\t\t\t<span class=\"elementor-divider-separator\">\n\t\t\t\t\t\t<\/span>\n\t\t<\/div>\n\t\t\t\t\t\t<\/div>\n\t\t<div class=\"elementor-element elementor-element-6b54f0dd e-con-full e-flex e-con e-child\" data-id=\"6b54f0dd\" data-element_type=\"container\" data-e-type=\"container\">\n\t\t\t\t<div class=\"elementor-element elementor-element-4bf13916 elementor-invisible elementor-widget elementor-widget-heading\" data-id=\"4bf13916\" data-element_type=\"widget\" data-e-type=\"widget\" data-settings=\"{&quot;_animation&quot;:&quot;fadeIn&quot;}\" data-widget_type=\"heading.default\">\n\t\t\t\t\t<p class=\"elementor-heading-title elementor-size-default\">Where are we?<\/p>\t\t\t\t<\/div>\n\t\t\t\t<\/div>\n\t\t\t\t\t<\/div>\n\t\t\t\t<\/div>\n\t\t<div class=\"elementor-element elementor-element-988619d e-flex e-con-boxed e-con e-parent\" data-id=\"988619d\" data-element_type=\"container\" data-e-type=\"container\">\n\t\t\t\t\t<div class=\"e-con-inner\">\n\t\t<div class=\"elementor-element elementor-element-0c3db50 e-con-full e-flex e-con e-child\" data-id=\"0c3db50\" data-element_type=\"container\" data-e-type=\"container\">\n\t\t\t\t<div class=\"elementor-element elementor-element-a813abb elementor-widget elementor-widget-text-editor\" data-id=\"a813abb\" data-element_type=\"widget\" data-e-type=\"widget\" data-widget_type=\"text-editor.default\">\n\t\t\t\t\t\t\t\t\t<p>Our website address is: generalhelp.fi<\/p>\t\t\t\t\t\t\t\t<\/div>\n\t\t\t\t<\/div>\n\t\t\t\t\t<\/div>\n\t\t\t\t<\/div>\n\t\t<div class=\"elementor-element elementor-element-47052bd e-flex e-con-boxed e-con e-parent\" data-id=\"47052bd\" data-element_type=\"container\" data-e-type=\"container\">\n\t\t\t\t\t<div class=\"e-con-inner\">\n\t\t<div class=\"elementor-element elementor-element-ef07c1b e-con-full e-flex e-con e-child\" data-id=\"ef07c1b\" data-element_type=\"container\" data-e-type=\"container\">\n\t\t\t\t<div class=\"elementor-element elementor-element-13bdf08 elementor-invisible elementor-widget elementor-widget-text-editor\" data-id=\"13bdf08\" data-element_type=\"widget\" data-e-type=\"widget\" data-settings=\"{&quot;_animation&quot;:&quot;fadeIn&quot;}\" data-widget_type=\"text-editor.default\">\n\t\t\t\t\t\t\t\t\t<p>Comments<\/p>\t\t\t\t\t\t\t\t<\/div>\n\t\t\t\t<\/div>\n\t\t\t\t\t<\/div>\n\t\t\t\t<\/div>\n\t\t<div class=\"elementor-element elementor-element-b3f35f8 e-flex e-con-boxed e-con e-parent\" data-id=\"b3f35f8\" data-element_type=\"container\" data-e-type=\"container\">\n\t\t\t\t\t<div class=\"e-con-inner\">\n\t\t<div class=\"elementor-element elementor-element-108b1fb e-con-full e-flex e-con e-child\" data-id=\"108b1fb\" data-element_type=\"container\" data-e-type=\"container\">\n\t\t\t\t<div class=\"elementor-element elementor-element-1718cc6 elementor-widget elementor-widget-text-editor\" data-id=\"1718cc6\" data-element_type=\"widget\" data-e-type=\"widget\" data-widget_type=\"text-editor.default\">\n\t\t\t\t\t\t\t\t\t<p>When users leave comments on the site, we collect the information provided in the comment form, as well as the user\u2019s IP address and browser version information, to help identify spam.<br \/>When visitors leave a comment on this site, we collect the information shown in the comment fields, the IP address, and information related to the browser version. An anonymized hash created from your email address may be sent to the Gravatar service to determine whether you are a user of that service. The Gravatar service\u2019s privacy policy can be found at https:\/\/automattic.com\/privacy\/.<\/p>\t\t\t\t\t\t\t\t<\/div>\n\t\t\t\t<\/div>\n\t\t\t\t\t<\/div>\n\t\t\t\t<\/div>\n\t\t<div class=\"elementor-element elementor-element-75c6f61 e-flex e-con-boxed e-con e-parent\" data-id=\"75c6f61\" data-element_type=\"container\" data-e-type=\"container\">\n\t\t\t\t\t<div class=\"e-con-inner\">\n\t\t<div class=\"elementor-element elementor-element-b469513 e-con-full e-flex e-con e-child\" data-id=\"b469513\" data-element_type=\"container\" data-e-type=\"container\">\n\t\t\t\t<div class=\"elementor-element elementor-element-367efa1 elementor-invisible elementor-widget elementor-widget-text-editor\" data-id=\"367efa1\" data-element_type=\"widget\" data-e-type=\"widget\" data-settings=\"{&quot;_animation&quot;:&quot;fadeIn&quot;}\" data-widget_type=\"text-editor.default\">\n\t\t\t\t\t\t\t\t\t<p>Cookies<\/p>\t\t\t\t\t\t\t\t<\/div>\n\t\t\t\t<\/div>\n\t\t\t\t\t<\/div>\n\t\t\t\t<\/div>\n\t\t<div class=\"elementor-element elementor-element-fe71db4 e-flex e-con-boxed e-con e-parent\" data-id=\"fe71db4\" data-element_type=\"container\" data-e-type=\"container\">\n\t\t\t\t\t<div class=\"e-con-inner\">\n\t\t<div class=\"elementor-element elementor-element-fbd3612 e-con-full e-flex e-con e-child\" data-id=\"fbd3612\" data-element_type=\"container\" data-e-type=\"container\">\n\t\t\t\t<div class=\"elementor-element elementor-element-65ac736 elementor-widget elementor-widget-text-editor\" data-id=\"65ac736\" data-element_type=\"widget\" data-e-type=\"widget\" data-widget_type=\"text-editor.default\">\n\t\t\t\t\t\t\t\t\t<p>If you leave a comment on the site, you can choose to save your name, email address, and URL in a cookie. This feature improves your user experience, as you won\u2019t have to fill out the form again every time you add a comment. The cookie data will be deleted from your browser after one year.<br \/>If you have an account and log in to the site, we will set a temporary cookie to determine whether your browser supports cookies. This cookie contains no personal information and is deleted when you close your browser window.<br \/>When you log in, we set several cookies that store your login and display settings. Login cookies are deleted within two days; cookies related to display settings expire after one year. If you select \u201cRemember me\u201d when logging in, your login information will be stored for two weeks. If you log out, the cookies related to your login will be deleted at the same time.<br \/>If you publish an article or edit an existing one, we will store a cookie in your browser that contains the ID of the article being edited. The cookie expires after 24 hours.<\/p>\t\t\t\t\t\t\t\t<\/div>\n\t\t\t\t<\/div>\n\t\t\t\t\t<\/div>\n\t\t\t\t<\/div>\n\t\t<div class=\"elementor-element elementor-element-7cc9040 e-flex e-con-boxed e-con e-parent\" data-id=\"7cc9040\" data-element_type=\"container\" data-e-type=\"container\">\n\t\t\t\t\t<div class=\"e-con-inner\">\n\t\t<div class=\"elementor-element elementor-element-f4b129f e-con-full e-flex e-con e-child\" data-id=\"f4b129f\" data-element_type=\"container\" data-e-type=\"container\">\n\t\t\t\t<div class=\"elementor-element elementor-element-7f6d2b0 elementor-invisible elementor-widget elementor-widget-text-editor\" data-id=\"7f6d2b0\" data-element_type=\"widget\" data-e-type=\"widget\" data-settings=\"{&quot;_animation&quot;:&quot;fadeIn&quot;}\" data-widget_type=\"text-editor.default\">\n\t\t\t\t\t\t\t\t\t<p>Embedded content from other sites<\/p>\t\t\t\t\t\t\t\t<\/div>\n\t\t\t\t<\/div>\n\t\t\t\t\t<\/div>\n\t\t\t\t<\/div>\n\t\t<div class=\"elementor-element elementor-element-17c65c4 e-flex e-con-boxed e-con e-parent\" data-id=\"17c65c4\" data-element_type=\"container\" data-e-type=\"container\">\n\t\t\t\t\t<div class=\"e-con-inner\">\n\t\t<div class=\"elementor-element elementor-element-4c3b00b e-con-full e-flex e-con e-child\" data-id=\"4c3b00b\" data-element_type=\"container\" data-e-type=\"container\">\n\t\t\t\t<div class=\"elementor-element elementor-element-5624525 elementor-widget elementor-widget-text-editor\" data-id=\"5624525\" data-element_type=\"widget\" data-e-type=\"widget\" data-widget_type=\"text-editor.default\">\n\t\t\t\t\t\t\t\t\t<p>The articles on this site may contain embedded content (such as videos, images, articles, etc.). Opening embedded content imported from other sites is comparable to the visitor visiting the third-party site directly.<br \/>These sites may collect information about you, use cookies, embed third-party tracking cookies, and monitor your interactions with the embedded content, including tracking your interactions if and when you are logged in as a user on the site.<\/p>\t\t\t\t\t\t\t\t<\/div>\n\t\t\t\t<\/div>\n\t\t\t\t\t<\/div>\n\t\t\t\t<\/div>\n\t\t<div class=\"elementor-element elementor-element-36cf323 e-flex e-con-boxed e-con e-parent\" data-id=\"36cf323\" data-element_type=\"container\" data-e-type=\"container\">\n\t\t\t\t\t<div class=\"e-con-inner\">\n\t\t<div class=\"elementor-element elementor-element-ac42fc2 e-con-full e-flex e-con e-child\" data-id=\"ac42fc2\" data-element_type=\"container\" data-e-type=\"container\">\n\t\t\t\t<div class=\"elementor-element elementor-element-7f74d14 elementor-invisible elementor-widget elementor-widget-text-editor\" data-id=\"7f74d14\" data-element_type=\"widget\" data-e-type=\"widget\" data-settings=\"{&quot;_animation&quot;:&quot;fadeIn&quot;}\" data-widget_type=\"text-editor.default\">\n\t\t\t\t\t\t\t\t\t<p>Who we share your information with<\/p>\t\t\t\t\t\t\t\t<\/div>\n\t\t\t\t<\/div>\n\t\t\t\t\t<\/div>\n\t\t\t\t<\/div>\n\t\t<div class=\"elementor-element elementor-element-2e595a5 e-flex e-con-boxed e-con e-parent\" data-id=\"2e595a5\" data-element_type=\"container\" data-e-type=\"container\">\n\t\t\t\t\t<div class=\"e-con-inner\">\n\t\t<div class=\"elementor-element elementor-element-5316ddb e-con-full e-flex e-con e-child\" data-id=\"5316ddb\" data-element_type=\"container\" data-e-type=\"container\">\n\t\t\t\t<div class=\"elementor-element elementor-element-d49eac4 elementor-widget elementor-widget-text-editor\" data-id=\"d49eac4\" data-element_type=\"widget\" data-e-type=\"widget\" data-widget_type=\"text-editor.default\">\n\t\t\t\t\t\t\t\t\t<p>If you request a password reset, your IP address will be included in the reset email.<\/p>\t\t\t\t\t\t\t\t<\/div>\n\t\t\t\t<\/div>\n\t\t\t\t\t<\/div>\n\t\t\t\t<\/div>\n\t\t<div class=\"elementor-element elementor-element-dcd9444 e-flex e-con-boxed e-con e-parent\" data-id=\"dcd9444\" data-element_type=\"container\" data-e-type=\"container\">\n\t\t\t\t\t<div class=\"e-con-inner\">\n\t\t<div class=\"elementor-element elementor-element-e05a7cd e-con-full e-flex e-con e-child\" data-id=\"e05a7cd\" data-element_type=\"container\" data-e-type=\"container\">\n\t\t\t\t<div class=\"elementor-element elementor-element-1f85030 elementor-invisible elementor-widget elementor-widget-text-editor\" data-id=\"1f85030\" data-element_type=\"widget\" data-e-type=\"widget\" data-settings=\"{&quot;_animation&quot;:&quot;fadeIn&quot;}\" data-widget_type=\"text-editor.default\">\n\t\t\t\t\t\t\t\t\t<p>How long do we retain data?<\/p>\t\t\t\t\t\t\t\t<\/div>\n\t\t\t\t<\/div>\n\t\t\t\t\t<\/div>\n\t\t\t\t<\/div>\n\t\t<div class=\"elementor-element elementor-element-9a57890 e-flex e-con-boxed e-con e-parent\" data-id=\"9a57890\" data-element_type=\"container\" data-e-type=\"container\">\n\t\t\t\t\t<div class=\"e-con-inner\">\n\t\t<div class=\"elementor-element elementor-element-c40b44c e-con-full e-flex e-con e-child\" data-id=\"c40b44c\" data-element_type=\"container\" data-e-type=\"container\">\n\t\t\t\t<div class=\"elementor-element elementor-element-b1f21c1 elementor-widget elementor-widget-text-editor\" data-id=\"b1f21c1\" data-element_type=\"widget\" data-e-type=\"widget\" data-widget_type=\"text-editor.default\">\n\t\t\t\t\t\t\t\t\t<p>If you leave a comment, the comment and its metadata will be retained indefinitely. This is so that we can automatically recognize and approve any subsequent comments, rather than holding them in a moderation queue.<br \/>We store the user profile information of registered users (if any). All users have the ability to view, edit, and delete their own personal information at any time. Only the username cannot be changed. Website administrators can view and edit user profile information.<\/p>\t\t\t\t\t\t\t\t<\/div>\n\t\t\t\t<\/div>\n\t\t\t\t\t<\/div>\n\t\t\t\t<\/div>\n\t\t<div class=\"elementor-element elementor-element-9705be4 e-flex e-con-boxed e-con e-parent\" data-id=\"9705be4\" data-element_type=\"container\" data-e-type=\"container\">\n\t\t\t\t\t<div class=\"e-con-inner\">\n\t\t<div class=\"elementor-element elementor-element-bee3a2d e-con-full e-flex e-con e-child\" data-id=\"bee3a2d\" data-element_type=\"container\" data-e-type=\"container\">\n\t\t\t\t<div class=\"elementor-element elementor-element-7d48bed elementor-invisible elementor-widget elementor-widget-text-editor\" data-id=\"7d48bed\" data-element_type=\"widget\" data-e-type=\"widget\" data-settings=\"{&quot;_animation&quot;:&quot;fadeIn&quot;}\" data-widget_type=\"text-editor.default\">\n\t\t\t\t\t\t\t\t\t<p>What rights do you have regarding your personal data?<\/p>\t\t\t\t\t\t\t\t<\/div>\n\t\t\t\t<\/div>\n\t\t\t\t\t<\/div>\n\t\t\t\t<\/div>\n\t\t<div class=\"elementor-element elementor-element-84af675 e-flex e-con-boxed e-con e-parent\" data-id=\"84af675\" data-element_type=\"container\" data-e-type=\"container\">\n\t\t\t\t\t<div class=\"e-con-inner\">\n\t\t<div class=\"elementor-element elementor-element-715b1a7 e-con-full e-flex e-con e-child\" data-id=\"715b1a7\" data-element_type=\"container\" data-e-type=\"container\">\n\t\t\t\t<div class=\"elementor-element elementor-element-5fbef54 elementor-widget elementor-widget-text-editor\" data-id=\"5fbef54\" data-element_type=\"widget\" data-e-type=\"widget\" data-widget_type=\"text-editor.default\">\n\t\t\t\t\t\t\t\t\t<p>If you have an account on this site or have left comments, you can request a summary file of your personal data, including all the personal data you have provided to us. You may also request the deletion of your personal data. The right to have your data deleted does not apply to personal data that we are required to retain for administrative, legal, or security reasons.<\/p>\t\t\t\t\t\t\t\t<\/div>\n\t\t\t\t<\/div>\n\t\t\t\t\t<\/div>\n\t\t\t\t<\/div>\n\t\t<div class=\"elementor-element elementor-element-7ca0a37 e-flex e-con-boxed e-con e-parent\" data-id=\"7ca0a37\" data-element_type=\"container\" data-e-type=\"container\">\n\t\t\t\t\t<div class=\"e-con-inner\">\n\t\t<div class=\"elementor-element elementor-element-50e9870 e-con-full e-flex e-con e-child\" data-id=\"50e9870\" data-element_type=\"container\" data-e-type=\"container\">\n\t\t\t\t<div class=\"elementor-element elementor-element-8cb98d0 elementor-invisible elementor-widget elementor-widget-text-editor\" data-id=\"8cb98d0\" data-element_type=\"widget\" data-e-type=\"widget\" data-settings=\"{&quot;_animation&quot;:&quot;fadeIn&quot;}\" data-widget_type=\"text-editor.default\">\n\t\t\t\t\t\t\t\t\t<p>Where your data is sent<\/p>\t\t\t\t\t\t\t\t<\/div>\n\t\t\t\t<\/div>\n\t\t\t\t\t<\/div>\n\t\t\t\t<\/div>\n\t\t<div class=\"elementor-element elementor-element-405496b e-flex e-con-boxed e-con e-parent\" data-id=\"405496b\" data-element_type=\"container\" data-e-type=\"container\">\n\t\t\t\t\t<div class=\"e-con-inner\">\n\t\t<div class=\"elementor-element elementor-element-692827e e-con-full e-flex e-con e-child\" data-id=\"692827e\" data-element_type=\"container\" data-e-type=\"container\">\n\t\t\t\t<div class=\"elementor-element elementor-element-165a0ae elementor-widget elementor-widget-text-editor\" data-id=\"165a0ae\" data-element_type=\"widget\" data-e-type=\"widget\" data-widget_type=\"text-editor.default\">\n\t\t\t\t\t\t\t\t\t<p>Visitor comments may be reviewed by an automated spam filtering service.<\/p>\t\t\t\t\t\t\t\t<\/div>\n\t\t\t\t<\/div>\n\t\t\t\t\t<\/div>\n\t\t\t\t<\/div>\n\t\t<div class=\"elementor-element elementor-element-3cc4074 e-flex e-con-boxed e-con e-parent\" data-id=\"3cc4074\" data-element_type=\"container\" data-e-type=\"container\">\n\t\t\t\t\t<div class=\"e-con-inner\">\n\t\t<div class=\"elementor-element elementor-element-5dbe40e e-con-full e-flex e-con e-child\" data-id=\"5dbe40e\" data-element_type=\"container\" data-e-type=\"container\">\n\t\t\t\t<div class=\"elementor-element elementor-element-bdb5b69 elementor-widget elementor-widget-text-editor\" data-id=\"bdb5b69\" data-element_type=\"widget\" data-e-type=\"widget\" data-widget_type=\"text-editor.default\">\n\t\t\t\t\t\t\t\t\t<p>If you have any questions about our privacy policy, please send us a message at <a href=\"mailto:info@generalhelp.fi\">info@generalhelp.fi<\/a>.<\/p>\t\t\t\t\t\t\t\t<\/div>\n\t\t\t\t<\/div>\n\t\t\t\t\t<\/div>\n\t\t\t\t<\/div>\n\t\t\t\t<\/div>","protected":false},"excerpt":{"rendered":"<p>Tietosuojaseloste Keit\u00e4 olemme Verkkosivustomme osoite on: generalhelp.fi Kommentit Kun sivuston k\u00e4ytt\u00e4j\u00e4t j\u00e4tt\u00e4v\u00e4t kommentteja sivustolle, ker\u00e4\u00e4mme kommenttilomakkeessa olevat tiedot, sek\u00e4 k\u00e4ytt\u00e4j\u00e4n IP-osoitteen ja selaimen versiotiedot roskaviestien tunnistamisen helpottamiseksi.Kun vierailijat j\u00e4tt\u00e4v\u00e4t kommentin t\u00e4lle sivustolle ker\u00e4\u00e4mme tiedon, joka on n\u00e4kyviss\u00e4 kommentointikentiss\u00e4, IP-osoitteen sek\u00e4 selaimen versioon liittyv\u00e4t tiedot. S\u00e4hk\u00f6postiosoitteesta luotu anonymisoitu hajautustieto (hash) voidaan l\u00e4hett\u00e4\u00e4 Gravatar-palveluun, jotta tiedet\u00e4\u00e4n onko [&hellip;]<\/p>\n","protected":false},"author":1,"featured_media":0,"parent":0,"menu_order":0,"comment_status":"closed","ping_status":"closed","template":"","meta":{"_uf_show_specific_survey":0,"_uf_disable_surveys":false,"footnotes":""},"class_list":["post-559","page","type-page","status-publish","hentry"],"_links":{"self":[{"href":"https:\/\/generalhelp.fi\/en\/wp-json\/wp\/v2\/pages\/559","targetHints":{"allow":["GET"]}}],"collection":[{"href":"https:\/\/generalhelp.fi\/en\/wp-json\/wp\/v2\/pages"}],"about":[{"href":"https:\/\/generalhelp.fi\/en\/wp-json\/wp\/v2\/types\/page"}],"author":[{"embeddable":true,"href":"https:\/\/generalhelp.fi\/en\/wp-json\/wp\/v2\/users\/1"}],"replies":[{"embeddable":true,"href":"https:\/\/generalhelp.fi\/en\/wp-json\/wp\/v2\/comments?post=559"}],"version-history":[{"count":8,"href":"https:\/\/generalhelp.fi\/en\/wp-json\/wp\/v2\/pages\/559\/revisions"}],"predecessor-version":[{"id":1018,"href":"https:\/\/generalhelp.fi\/en\/wp-json\/wp\/v2\/pages\/559\/revisions\/1018"}],"wp:attachment":[{"href":"https:\/\/generalhelp.fi\/en\/wp-json\/wp\/v2\/media?parent=559"}],"curies":[{"name":"wp","href":"https:\/\/api.w.org\/{rel}","templated":true}]}}