{"id":314,"date":"2024-05-09T17:36:33","date_gmt":"2024-05-09T14:36:33","guid":{"rendered":"https:\/\/generalhelp.fi\/social-media\/"},"modified":"2026-03-18T11:46:40","modified_gmt":"2026-03-18T09:46:40","slug":"tilitoimistopalvelut","status":"publish","type":"page","link":"https:\/\/generalhelp.fi\/en\/tilitoimistopalvelut\/","title":{"rendered":"Bookkeeping"},"content":{"rendered":"<div data-elementor-type=\"wp-page\" data-elementor-id=\"314\" class=\"elementor elementor-314\" data-elementor-post-type=\"page\">\n\t\t\t\t<div class=\"elementor-element elementor-element-c95ed6d e-con-full e-flex e-con e-parent\" data-id=\"c95ed6d\" data-element_type=\"container\" data-e-type=\"container\" data-settings=\"{&quot;background_background&quot;:&quot;classic&quot;}\">\n\t\t<div class=\"elementor-element elementor-element-346dcc14 e-con-full e-flex e-con e-child\" data-id=\"346dcc14\" data-element_type=\"container\" data-e-type=\"container\">\n\t\t\t\t<div class=\"elementor-element elementor-element-285d43be elementor-invisible elementor-widget elementor-widget-heading\" data-id=\"285d43be\" data-element_type=\"widget\" data-e-type=\"widget\" data-settings=\"{&quot;_animation&quot;:&quot;fadeIn&quot;}\" data-widget_type=\"heading.default\">\n\t\t\t\t\t<h2 class=\"elementor-heading-title elementor-size-default\">Bookkeeping and invoicing services<\/h2>\t\t\t\t<\/div>\n\t\t\t\t<div class=\"elementor-element elementor-element-1d1e613d elementor-invisible elementor-widget elementor-widget-text-editor\" data-id=\"1d1e613d\" data-element_type=\"widget\" data-e-type=\"widget\" data-settings=\"{&quot;_animation&quot;:&quot;fadeIn&quot;,&quot;_animation_delay&quot;:300}\" data-widget_type=\"text-editor.default\">\n\t\t\t\t\t\t\t\t\t<p>We offer comprehensive accounting services that make your company\u2019s financial management effortless and efficient. We handle bookkeeping, payroll, financial statements, and all tax and regulatory filings with expertise. Our service selection also includes processing sales invoices and managing the sales ledger, as well as handling purchase invoices and the purchase ledger.<\/p><p><strong>Prices start at:<\/strong><\/p><ul><li><strong>Hourly rate:<\/strong> 54,50 \u20ac\/h + VAT<\/li><li class=\"translation-block\"><strong>Tax return:<\/strong>\u00a0100 \u20ac\/return + VAT<\/li><li class=\"translation-block\"><strong>Setting up a company in the accounting system:<\/strong> 130 \u20ac + VAT<\/li><li class=\"translation-block\"><strong>Expert work:<\/strong> \u20ac79\/h + VAT<\/li><\/ul><p>Contact us and request a quote &amp; join our growing number of satisfied customers!<\/p>\t\t\t\t\t\t\t\t<\/div>\n\t\t\t\t<\/div>\n\t\t<div class=\"elementor-element elementor-element-92b605b e-con-full e-flex e-con e-child\" data-id=\"92b605b\" data-element_type=\"container\" data-e-type=\"container\" data-settings=\"{&quot;background_background&quot;:&quot;classic&quot;}\">\n\t\t\t\t<\/div>\n\t\t\t\t<\/div>\n\t\t\t\t<\/div>","protected":false},"excerpt":{"rendered":"<p>Tilitoimisto- ja laskutuspalvelut Tarjoamme kattavat tilitoimistopalvelut, jotka tekev\u00e4t yrityksesi taloushallinnosta vaivatonta ja tehokasta. Hoidamme kirjanpidon, palkanlaskennan, tilinp\u00e4\u00e4t\u00f6kset sek\u00e4 vero- ja viranomaisilmoitukset ammattitaidolla. My\u00f6s myyntilaskujen ja myyntireskontran k\u00e4sittely sek\u00e4 ostolaskujen ja ostoreskontran hoito kuuluvat palveluvalikoimaamme. Hinnasto tilitoimistopalveluille alkaen: Tuntiveloitus: 54,50 \u20ac\/h + alv Veroilmoitus:\u00a0100 \u20ac\/ilmoitus + alv Yrityksen perustaminen kirjanpitoj\u00e4rjestelm\u00e4\u00e4n: 130 \u20ac + alv Asiantuntijaty\u00f6: 79 [&hellip;]<\/p>\n","protected":false},"author":1,"featured_media":317,"parent":0,"menu_order":0,"comment_status":"closed","ping_status":"closed","template":"elementor_header_footer","meta":{"_uf_show_specific_survey":0,"_uf_disable_surveys":false,"footnotes":""},"class_list":["post-314","page","type-page","status-publish","has-post-thumbnail","hentry"],"_links":{"self":[{"href":"https:\/\/generalhelp.fi\/en\/wp-json\/wp\/v2\/pages\/314","targetHints":{"allow":["GET"]}}],"collection":[{"href":"https:\/\/generalhelp.fi\/en\/wp-json\/wp\/v2\/pages"}],"about":[{"href":"https:\/\/generalhelp.fi\/en\/wp-json\/wp\/v2\/types\/page"}],"author":[{"embeddable":true,"href":"https:\/\/generalhelp.fi\/en\/wp-json\/wp\/v2\/users\/1"}],"replies":[{"embeddable":true,"href":"https:\/\/generalhelp.fi\/en\/wp-json\/wp\/v2\/comments?post=314"}],"version-history":[{"count":20,"href":"https:\/\/generalhelp.fi\/en\/wp-json\/wp\/v2\/pages\/314\/revisions"}],"predecessor-version":[{"id":1588,"href":"https:\/\/generalhelp.fi\/en\/wp-json\/wp\/v2\/pages\/314\/revisions\/1588"}],"wp:featuredmedia":[{"embeddable":true,"href":"https:\/\/generalhelp.fi\/en\/wp-json\/wp\/v2\/media\/317"}],"wp:attachment":[{"href":"https:\/\/generalhelp.fi\/en\/wp-json\/wp\/v2\/media?parent=314"}],"curies":[{"name":"wp","href":"https:\/\/api.w.org\/{rel}","templated":true}]}}